{"id":16,"date":"2017-10-24T09:24:24","date_gmt":"2017-10-24T07:24:24","guid":{"rendered":"http:\/\/www.myclub-lmdf.com\/?page_id=16"},"modified":"2017-12-11T16:16:22","modified_gmt":"2017-12-11T15:16:22","slug":"accueil","status":"publish","type":"page","link":"https:\/\/www.myclub-lmdf.com\/","title":{"rendered":"Accueil"},"content":{"rendered":"<p>Bienvenue sur le site du club de \u00ab\u00a0La Marseillaise des Femmes\u00a0\u00bb !<\/p>\n<p>A la fin de la course de \u00ab\u00a0la Marseillaise des Femmes\u00a0\u00bb, beaucoup de coureuses et de marcheuses aspiraient \u00e0 reprendre une activit\u00e9 physique r\u00e9guli\u00e8re.\u00a0C&rsquo;est ainsi que le club des marseillaises a vu le jour en 2013.<\/p>\n<p>Ce club propose \u00e0 ses adh\u00e9rentes un entrainement hebdomadaire de running et de marche nordique, dispens\u00e9 par Guylaine, entra\u00eeneur FFA.<\/p>\n<p>Un esprit sain dans un corps sain.<\/p>\n<p>Pour toute information compl\u00e9mentaire, n&rsquo;h\u00e9sitez pas \u00e0 venir sur la page du club (cliquer <a href=\"https:\/\/www.marseillaisedesfemmes.com\/le-club\/devenez-adherente\">ici<\/a>) et \u00e0 contacter Guylaine.<\/p>\n<p>&nbsp;<\/p>\n","protected":false},"excerpt":{"rendered":"<p>Bienvenue sur le site du club de \u00ab\u00a0La Marseillaise des Femmes\u00a0\u00bb ! A la fin de la course de \u00ab\u00a0la Marseillaise des Femmes\u00a0\u00bb, beaucoup de coureuses et de marcheuses aspiraient &hellip; <\/p>\n<p class=\"link-more\"><a href=\"https:\/\/www.myclub-lmdf.com\/\" class=\"more-link\">Continuer la lecture<span class=\"screen-reader-text\"> de &laquo;&nbsp;Accueil&nbsp;&raquo;<\/span><\/a><\/p>\n","protected":false},"author":1,"featured_media":0,"parent":0,"menu_order":0,"comment_status":"closed","ping_status":"closed","template":"","meta":{"footnotes":""},"class_list":["post-16","page","type-page","status-publish","hentry"],"post_mailing_queue_ids":[],"_links":{"self":[{"href":"https:\/\/www.myclub-lmdf.com\/index.php\/wp-json\/wp\/v2\/pages\/16","targetHints":{"allow":["GET"]}}],"collection":[{"href":"https:\/\/www.myclub-lmdf.com\/index.php\/wp-json\/wp\/v2\/pages"}],"about":[{"href":"https:\/\/www.myclub-lmdf.com\/index.php\/wp-json\/wp\/v2\/types\/page"}],"author":[{"embeddable":true,"href":"https:\/\/www.myclub-lmdf.com\/index.php\/wp-json\/wp\/v2\/users\/1"}],"replies":[{"embeddable":true,"href":"https:\/\/www.myclub-lmdf.com\/index.php\/wp-json\/wp\/v2\/comments?post=16"}],"version-history":[{"count":10,"href":"https:\/\/www.myclub-lmdf.com\/index.php\/wp-json\/wp\/v2\/pages\/16\/revisions"}],"predecessor-version":[{"id":257,"href":"https:\/\/www.myclub-lmdf.com\/index.php\/wp-json\/wp\/v2\/pages\/16\/revisions\/257"}],"wp:attachment":[{"href":"https:\/\/www.myclub-lmdf.com\/index.php\/wp-json\/wp\/v2\/media?parent=16"}],"curies":[{"name":"wp","href":"https:\/\/api.w.org\/{rel}","templated":true}]}}